{"id":842,"date":"2019-06-20T05:10:56","date_gmt":"2019-06-20T04:10:56","guid":{"rendered":"https:\/\/honorinedeauville.com\/?page_id=842"},"modified":"2025-04-07T19:07:15","modified_gmt":"2025-04-07T18:07:15","slug":"entreprises","status":"publish","type":"page","link":"https:\/\/honorinedeauville.com\/en\/entreprises\/","title":{"rendered":"Entreprises"},"content":{"rendered":"<div data-elementor-type=\"wp-post\" data-elementor-id=\"842\" class=\"elementor elementor-842\" data-elementor-settings=\"[]\">\n\t\t\t\t\t\t<div class=\"elementor-inner\">\n\t\t\t\t\t\t\t<div class=\"elementor-section-wrap\">\n\t\t\t\t\t\t\t<section class=\"elementor-section elementor-top-section elementor-element elementor-element-783e545 elementor-section-height-min-height elementor-section-boxed elementor-section-height-default elementor-section-items-middle\" data-id=\"783e545\" data-element_type=\"section\" data-settings=\"{&quot;background_background&quot;:&quot;classic&quot;}\">\n\t\t\t\t\t\t\t<div class=\"elementor-background-overlay\"><\/div>\n\t\t\t\t\t\t\t<div class=\"elementor-container elementor-column-gap-default\">\n\t\t\t\t\t\t\t<div class=\"elementor-row\">\n\t\t\t\t\t<div class=\"elementor-column elementor-col-100 elementor-top-column elementor-element elementor-element-a1407dc\" data-id=\"a1407dc\" data-element_type=\"column\">\n\t\t\t<div class=\"elementor-column-wrap elementor-element-populated\">\n\t\t\t\t\t\t\t<div class=\"elementor-widget-wrap\">\n\t\t\t\t\t\t<div class=\"elementor-element elementor-element-84d112b elementor-widget elementor-widget-delicios-title\" data-id=\"84d112b\" data-element_type=\"widget\" data-widget_type=\"delicios-title.default\">\n\t\t\t\t<div class=\"elementor-widget-container\">\n\t\t\t\n   <div class=\"ts-section-title title-center\">\n      <h2 class=\"section-title\">\n        Ev\u00e9nements <span>Entreprises<\/span>     <\/h2>\n                     <div class=\"title-bar\">\n\t\t\t\t\t <span class=\"title-left-bar\"><\/span>\n\t\t\t\t\t <span class=\"title-middle-bar\"><\/span>\n\t\t\t\t\t <span class=\"title-right-bar\"><\/span>\n\t\t\t\t <\/div>\n\t\t\t\t\t\t\n   <\/div>\n    \n    \t\t<\/div>\n\t\t\t\t<\/div>\n\t\t\t\t\t\t<\/div>\n\t\t\t\t\t<\/div>\n\t\t<\/div>\n\t\t\t\t\t\t\t\t<\/div>\n\t\t\t\t\t<\/div>\n\t\t<\/section>\n\t\t\t\t<section class=\"elementor-section elementor-top-section elementor-element elementor-element-64134f5 elementor-section-full_width elementor-section-height-default elementor-section-height-default\" data-id=\"64134f5\" data-element_type=\"section\" data-settings=\"{&quot;background_background&quot;:&quot;classic&quot;}\">\n\t\t\t\t\t\t\t<div class=\"elementor-background-overlay\"><\/div>\n\t\t\t\t\t\t\t<div class=\"elementor-container elementor-column-gap-default\">\n\t\t\t\t\t\t\t<div class=\"elementor-row\">\n\t\t\t\t\t<div class=\"elementor-column elementor-col-50 elementor-top-column elementor-element elementor-element-2057553\" data-id=\"2057553\" data-element_type=\"column\">\n\t\t\t<div class=\"elementor-column-wrap elementor-element-populated\">\n\t\t\t\t\t\t\t<div class=\"elementor-widget-wrap\">\n\t\t\t\t\t\t<div class=\"elementor-element elementor-element-ab20be2 elementor-widget elementor-widget-image\" data-id=\"ab20be2\" data-element_type=\"widget\" data-widget_type=\"image.default\">\n\t\t\t\t<div class=\"elementor-widget-container\">\n\t\t\t\t\t<div class=\"elementor-image\">\n\t\t\t\t\t\t\t\t\t\t<img width=\"2560\" height=\"1708\" src=\"https:\/\/honorinedeauville.com\/wp-content\/uploads\/2021\/04\/Honorine-Deauville_BAB1098-scaled.jpg\" class=\"attachment-full size-full\" alt=\"\" loading=\"lazy\" srcset=\"https:\/\/honorinedeauville.com\/wp-content\/uploads\/2021\/04\/Honorine-Deauville_BAB1098-scaled.jpg 2560w, https:\/\/honorinedeauville.com\/wp-content\/uploads\/2021\/04\/Honorine-Deauville_BAB1098-300x200.jpg 300w, https:\/\/honorinedeauville.com\/wp-content\/uploads\/2021\/04\/Honorine-Deauville_BAB1098-1024x683.jpg 1024w, https:\/\/honorinedeauville.com\/wp-content\/uploads\/2021\/04\/Honorine-Deauville_BAB1098-768x512.jpg 768w, https:\/\/honorinedeauville.com\/wp-content\/uploads\/2021\/04\/Honorine-Deauville_BAB1098-1536x1025.jpg 1536w, https:\/\/honorinedeauville.com\/wp-content\/uploads\/2021\/04\/Honorine-Deauville_BAB1098-2048x1366.jpg 2048w, https:\/\/honorinedeauville.com\/wp-content\/uploads\/2021\/04\/Honorine-Deauville_BAB1098-600x400.jpg 600w\" sizes=\"(max-width: 2560px) 100vw, 2560px\" \/>\t\t\t\t\t\t\t\t\t\t\t<\/div>\n\t\t\t\t<\/div>\n\t\t\t\t<\/div>\n\t\t\t\t\t\t<\/div>\n\t\t\t\t\t<\/div>\n\t\t<\/div>\n\t\t\t\t<div class=\"elementor-column elementor-col-50 elementor-top-column elementor-element elementor-element-df60eac\" data-id=\"df60eac\" data-element_type=\"column\">\n\t\t\t<div class=\"elementor-column-wrap elementor-element-populated\">\n\t\t\t\t\t\t\t<div class=\"elementor-widget-wrap\">\n\t\t\t\t\t\t<div class=\"elementor-element elementor-element-ba59b77 elementor-widget elementor-widget-delicios-title\" data-id=\"ba59b77\" data-element_type=\"widget\" data-widget_type=\"delicios-title.default\">\n\t\t\t\t<div class=\"elementor-widget-container\">\n\t\t\t\n   <div class=\"ts-section-title title-center\">\n      <h2 class=\"section-title\">\n        \u00c9v\u00e9nements <span>Entreprises<\/span>     <\/h2>\n                     <div class=\"title-bar\">\n\t\t\t\t\t <span class=\"title-left-bar\"><\/span>\n\t\t\t\t\t <span class=\"title-middle-bar\"><\/span>\n\t\t\t\t\t <span class=\"title-right-bar\"><\/span>\n\t\t\t\t <\/div>\n\t\t\t\t\t\t\n   <\/div>\n    \n    \t\t<\/div>\n\t\t\t\t<\/div>\n\t\t\t\t<div class=\"elementor-element elementor-element-cdc8f15 elementor-widget elementor-widget-text-editor\" data-id=\"cdc8f15\" data-element_type=\"widget\" data-widget_type=\"text-editor.default\">\n\t\t\t\t<div class=\"elementor-widget-container\">\n\t\t\t\t\t<div class=\"elementor-text-editor elementor-clearfix\"><p>Pour tous vos repas d&rsquo;entreprise, n&rsquo;h\u00e9sitez pas \u00e0 nous solliciter ou \u00e0 nous envoyer une demande de devis.<\/p><\/div>\n\t\t\t\t<\/div>\n\t\t\t\t<\/div>\n\t\t\t\t<div class=\"elementor-element elementor-element-7a5e084 elementor-align-center elementor-widget elementor-widget-button\" data-id=\"7a5e084\" data-element_type=\"widget\" data-widget_type=\"button.default\">\n\t\t\t\t<div class=\"elementor-widget-container\">\n\t\t\t\t\t<div class=\"elementor-button-wrapper\">\n\t\t\t<a href=\"#devis\" class=\"elementor-button-link elementor-button elementor-size-md\" role=\"button\">\n\t\t\t\t\t\t<span class=\"elementor-button-content-wrapper\">\n\t\t\t\t\t\t<span class=\"elementor-button-text\">DEMANDER UN DEVIS<\/span>\n\t\t<\/span>\n\t\t\t\t\t<\/a>\n\t\t<\/div>\n\t\t\t\t<\/div>\n\t\t\t\t<\/div>\n\t\t\t\t\t\t<\/div>\n\t\t\t\t\t<\/div>\n\t\t<\/div>\n\t\t\t\t\t\t\t\t<\/div>\n\t\t\t\t\t<\/div>\n\t\t<\/section>\n\t\t\t\t<section class=\"elementor-section elementor-top-section elementor-element elementor-element-f8e5297 elementor-section-full_width elementor-section-height-default elementor-section-height-default\" data-id=\"f8e5297\" data-element_type=\"section\" id=\"devis\" data-settings=\"{&quot;background_background&quot;:&quot;classic&quot;}\">\n\t\t\t\t\t\t\t<div class=\"elementor-background-overlay\"><\/div>\n\t\t\t\t\t\t\t<div class=\"elementor-container elementor-column-gap-default\">\n\t\t\t\t\t\t\t<div class=\"elementor-row\">\n\t\t\t\t\t<div class=\"elementor-column elementor-col-100 elementor-top-column elementor-element elementor-element-08383da\" data-id=\"08383da\" data-element_type=\"column\">\n\t\t\t<div class=\"elementor-column-wrap elementor-element-populated\">\n\t\t\t\t\t\t\t<div class=\"elementor-widget-wrap\">\n\t\t\t\t\t\t<div class=\"elementor-element elementor-element-cf87c50 elementor-widget elementor-widget-delicios-title\" data-id=\"cf87c50\" data-element_type=\"widget\" data-widget_type=\"delicios-title.default\">\n\t\t\t\t<div class=\"elementor-widget-container\">\n\t\t\t\n   <div class=\"ts-section-title title-center\">\n      <h2 class=\"section-title\">\n        Nos <span>Menu Entreprise<\/span>     <\/h2>\n                     <div class=\"title-bar\">\n\t\t\t\t\t <span class=\"title-left-bar\"><\/span>\n\t\t\t\t\t <span class=\"title-middle-bar\"><\/span>\n\t\t\t\t\t <span class=\"title-right-bar\"><\/span>\n\t\t\t\t <\/div>\n\t\t\t\t\t\t\n   <\/div>\n    \n    \t\t<\/div>\n\t\t\t\t<\/div>\n\t\t\t\t<div class=\"elementor-element elementor-element-f7afe06 elementor-widget elementor-widget-text-editor\" data-id=\"f7afe06\" data-element_type=\"widget\" data-widget_type=\"text-editor.default\">\n\t\t\t\t<div class=\"elementor-widget-container\">\n\t\t\t\t\t<div class=\"elementor-text-editor elementor-clearfix\"><p>Remplissez le formulaire pour faire une demande de devis pour un repas d&rsquo;entreprise ou un s\u00e9minaire.<\/p><\/div>\n\t\t\t\t<\/div>\n\t\t\t\t<\/div>\n\t\t\t\t<div class=\"elementor-element elementor-element-a0d15ea elementor-align-center elementor-widget elementor-widget-button\" data-id=\"a0d15ea\" data-element_type=\"widget\" data-widget_type=\"button.default\">\n\t\t\t\t<div class=\"elementor-widget-container\">\n\t\t\t\t\t<div class=\"elementor-button-wrapper\">\n\t\t\t<a class=\"elementor-button elementor-size-md\" role=\"button\">\n\t\t\t\t\t\t<span class=\"elementor-button-content-wrapper\">\n\t\t\t\t\t\t<span class=\"elementor-button-text\">VOIR NOS MENUS<\/span>\n\t\t<\/span>\n\t\t\t\t\t<\/a>\n\t\t<\/div>\n\t\t\t\t<\/div>\n\t\t\t\t<\/div>\n\t\t\t\t\t\t<\/div>\n\t\t\t\t\t<\/div>\n\t\t<\/div>\n\t\t\t\t<div class=\"elementor-column elementor-col-100 elementor-top-column elementor-element elementor-element-9a825e4\" data-id=\"9a825e4\" data-element_type=\"column\" data-settings=\"{&quot;background_background&quot;:&quot;classic&quot;}\">\n\t\t\t<div class=\"elementor-column-wrap elementor-element-populated\">\n\t\t\t\t\t\t\t<div class=\"elementor-widget-wrap\">\n\t\t\t\t\t\t<div class=\"elementor-element elementor-element-7610faf elementor-button-align-end elementor-widget elementor-widget-form\" data-id=\"7610faf\" data-element_type=\"widget\" data-settings=\"{&quot;step_next_label&quot;:&quot;Next&quot;,&quot;step_previous_label&quot;:&quot;Previous&quot;,&quot;button_width&quot;:&quot;100&quot;,&quot;step_type&quot;:&quot;number_text&quot;,&quot;step_icon_shape&quot;:&quot;circle&quot;}\" data-widget_type=\"form.default\">\n\t\t\t\t<div class=\"elementor-widget-container\">\n\t\t\t\t\t<form class=\"elementor-form\" method=\"post\" name=\"Devis entreprises\" action=\"\">\n\t\t\t<input type=\"hidden\" name=\"post_id\" value=\"842\"\/>\n\t\t\t<input type=\"hidden\" name=\"form_id\" value=\"7610faf\"\/>\n\n\t\t\t\n\t\t\t<div class=\"elementor-form-fields-wrapper elementor-labels-\">\n\t\t\t\t\t\t\t\t<div class=\"elementor-field-type-text elementor-field-group elementor-column elementor-field-group-nom elementor-col-50 elementor-sm-50 elementor-field-required\">\n\t\t\t\t\t<label for=\"form-field-nom\" class=\"elementor-field-label elementor-screen-only\">Nom<\/label><input size=\"1\" type=\"text\" name=\"form_fields[nom]\" id=\"form-field-nom\" class=\"elementor-field elementor-size-sm  elementor-field-textual\" placeholder=\"Nom\" required=\"required\" aria-required=\"true\">\t\t\t\t<\/div>\n\t\t\t\t\t\t\t\t<div class=\"elementor-field-type-text elementor-field-group elementor-column elementor-field-group-prenom elementor-col-50 elementor-sm-50 elementor-field-required\">\n\t\t\t\t\t<label for=\"form-field-prenom\" class=\"elementor-field-label elementor-screen-only\">Pr\u00e9nom<\/label><input size=\"1\" type=\"text\" name=\"form_fields[prenom]\" id=\"form-field-prenom\" class=\"elementor-field elementor-size-sm  elementor-field-textual\" placeholder=\"Pr\u00e9nom\" required=\"required\" aria-required=\"true\">\t\t\t\t<\/div>\n\t\t\t\t\t\t\t\t<div class=\"elementor-field-type-text elementor-field-group elementor-column elementor-field-group-societe elementor-col-50 elementor-sm-50 elementor-field-required\">\n\t\t\t\t\t<label for=\"form-field-societe\" class=\"elementor-field-label elementor-screen-only\">Soci\u00e9t\u00e9<\/label><input size=\"1\" type=\"text\" name=\"form_fields[societe]\" id=\"form-field-societe\" class=\"elementor-field elementor-size-sm  elementor-field-textual\" placeholder=\"Soci\u00e9t\u00e9\" required=\"required\" aria-required=\"true\">\t\t\t\t<\/div>\n\t\t\t\t\t\t\t\t<div class=\"elementor-field-type-text elementor-field-group elementor-column elementor-field-group-telephone elementor-col-50 elementor-sm-50 elementor-field-required\">\n\t\t\t\t\t<label for=\"form-field-telephone\" class=\"elementor-field-label elementor-screen-only\">T\u00e9l\u00e9phone<\/label><input size=\"1\" type=\"text\" name=\"form_fields[telephone]\" id=\"form-field-telephone\" class=\"elementor-field elementor-size-sm  elementor-field-textual\" placeholder=\"T\u00e9l\u00e9phone\" required=\"required\" aria-required=\"true\">\t\t\t\t<\/div>\n\t\t\t\t\t\t\t\t<div class=\"elementor-field-type-select elementor-field-group elementor-column elementor-field-group-nbpers elementor-col-50 elementor-sm-100 elementor-field-required\">\n\t\t\t\t\t<label for=\"form-field-nbpers\" class=\"elementor-field-label elementor-screen-only\">Nombre de personnes<\/label>\t\t<div class=\"elementor-field elementor-select-wrapper\">\n\t\t\t<select name=\"form_fields[nbpers]\" id=\"form-field-nbpers\" class=\"elementor-field-textual elementor-size-sm\" required=\"required\" aria-required=\"true\">\n\t\t\t\t<option value=\"0-10\">0-10<\/option><option value=\"10-20\">10-20<\/option><option value=\"30-40\">30-40<\/option><option value=\"40+\">40+<\/option>\t\t\t<\/select>\n\t\t<\/div>\n\t\t\t\t\t\t<\/div>\n\t\t\t\t\t\t\t\t<div class=\"elementor-field-type-date elementor-field-group elementor-column elementor-field-group-date elementor-col-50 elementor-sm-100 elementor-field-required\">\n\t\t\t\t\t<label for=\"form-field-date\" class=\"elementor-field-label elementor-screen-only\">Date<\/label><input type=\"date\" name=\"form_fields[date]\" id=\"form-field-date\" class=\"elementor-field elementor-size-sm  elementor-field-textual elementor-date-field elementor-use-native\" placeholder=\"Date\" required=\"required\" aria-required=\"true\" pattern=\"[0-9]{4}-[0-9]{2}-[0-9]{2}\">\t\t\t\t<\/div>\n\t\t\t\t\t\t\t\t<div class=\"elementor-field-type-number elementor-field-group elementor-column elementor-field-group-budget elementor-col-100 elementor-field-required\">\n\t\t\t\t\t<label for=\"form-field-budget\" class=\"elementor-field-label elementor-screen-only\">Budget<\/label><input type=\"number\" name=\"form_fields[budget]\" id=\"form-field-budget\" class=\"elementor-field elementor-size-sm  elementor-field-textual\" placeholder=\"Budget par personne (\u20ac)\" required=\"required\" aria-required=\"true\" min=\"\" max=\"\">\t\t\t\t<\/div>\n\t\t\t\t\t\t\t\t<div class=\"elementor-field-type-textarea elementor-field-group elementor-column elementor-field-group-message elementor-col-100 elementor-field-required\">\n\t\t\t\t\t<label for=\"form-field-message\" class=\"elementor-field-label elementor-screen-only\">Message<\/label><textarea class=\"elementor-field-textual elementor-field  elementor-size-sm\" name=\"form_fields[message]\" id=\"form-field-message\" rows=\"4\" placeholder=\"Informations compl\u00e9mentaires\" required=\"required\" aria-required=\"true\"><\/textarea>\t\t\t\t<\/div>\n\t\t\t\t\t\t\t\t<div class=\"elementor-field-type-recaptcha_v3 elementor-field-group elementor-column elementor-field-group-field_404fb1c elementor-col-100 recaptcha_v3-bottomright\">\n\t\t\t\t\t<div class=\"elementor-field\" id=\"form-field-field_404fb1c\"><div class=\"elementor-g-recaptcha\" data-sitekey=\"6LcE6GsgAAAAAE8FnHYYED0YC91TGXp1ZffLPEb6\" data-type=\"v3\" data-action=\"Form\" data-badge=\"bottomright\" data-size=\"invisible\"><\/div><\/div>\t\t\t\t<\/div>\n\t\t\t\t\t\t\t\t<div class=\"elementor-field-group elementor-column elementor-field-type-submit elementor-col-100 e-form__buttons\">\n\t\t\t\t\t<button type=\"submit\" class=\"elementor-button elementor-size-sm\">\n\t\t\t\t\t\t<span >\n\t\t\t\t\t\t\t\t\t\t\t\t\t\t\t<span class=\"elementor-button-icon\">\n\t\t\t\t\t\t\t\t\t\t\t\t\t\t\t\t\t\t\t\t\t\t\t\t\t\t<\/span>\n\t\t\t\t\t\t\t\t\t\t\t\t\t\t\t\t\t\t\t\t\t\t<span class=\"elementor-button-text\">Envoyer<\/span>\n\t\t\t\t\t\t\t\t\t\t\t\t\t<\/span>\n\t\t\t\t\t<\/button>\n\t\t\t\t<\/div>\n\t\t\t<\/div>\n\t\t<input type=\"hidden\" name=\"trp-form-language\" value=\"en\"\/><\/form>\n\t\t\t\t<\/div>\n\t\t\t\t<\/div>\n\t\t\t\t\t\t<\/div>\n\t\t\t\t\t<\/div>\n\t\t<\/div>\n\t\t\t\t\t\t\t\t<\/div>\n\t\t\t\t\t<\/div>\n\t\t<\/section>\n\t\t\t\t\t\t<\/div>\n\t\t\t\t\t\t<\/div>\n\t\t\t\t\t<\/div>","protected":false},"excerpt":{"rendered":"<p>Ev\u00e9nements Entreprises \u00c9v\u00e9nements Entreprises Pour tous vos repas d&rsquo;entreprise, n&rsquo;h\u00e9sitez pas \u00e0 nous solliciter ou \u00e0 nous envoyer une demande de devis. DEMANDER UN DEVIS Nos Menu Entreprise Remplissez le formulaire pour faire une demande de devis pour un repas d&rsquo;entreprise ou un s\u00e9minaire. VOIR NOS MENUS<\/p>","protected":false},"author":1,"featured_media":0,"parent":0,"menu_order":0,"comment_status":"closed","ping_status":"closed","template":"elementor_header_footer","meta":[],"yoast_head":"<!-- This site is optimized with the Yoast SEO plugin v19.1 - https:\/\/yoast.com\/wordpress\/plugins\/seo\/ -->\n<title>Honorine - Entreprises<\/title>\n<meta name=\"robots\" content=\"index, follow, max-snippet:-1, max-image-preview:large, max-video-preview:-1\" \/>\n<link rel=\"canonical\" href=\"https:\/\/honorinedeauville.com\/en\/entreprises\/\" \/>\n<meta property=\"og:locale\" content=\"en_US\" \/>\n<meta property=\"og:type\" content=\"article\" \/>\n<meta property=\"og:title\" content=\"Honorine - Entreprises\" \/>\n<meta property=\"og:description\" content=\"Ev\u00e9nements Entreprises \u00c9v\u00e9nements Entreprises Pour tous vos repas d&rsquo;entreprise, n&rsquo;h\u00e9sitez pas \u00e0 nous solliciter ou \u00e0 nous envoyer une demande de devis. DEMANDER UN DEVIS Nos Menu Entreprise Remplissez le formulaire pour faire une demande de devis pour un repas d&rsquo;entreprise ou un s\u00e9minaire. VOIR NOS MENUS\" \/>\n<meta property=\"og:url\" content=\"https:\/\/honorinedeauville.com\/en\/entreprises\/\" \/>\n<meta property=\"og:site_name\" content=\"Honorine\" \/>\n<meta property=\"article:modified_time\" content=\"2025-04-07T18:07:15+00:00\" \/>\n<meta property=\"og:image\" content=\"https:\/\/honorinedeauville.com\/wp-content\/uploads\/2021\/04\/Honorine-Deauville_BAB1098-scaled.jpg\" \/>\n<meta name=\"twitter:card\" content=\"summary_large_image\" \/>\n<meta name=\"twitter:label1\" content=\"Est. reading time\" \/>\n\t<meta name=\"twitter:data1\" content=\"1 minute\" \/>\n<script type=\"application\/ld+json\" class=\"yoast-schema-graph\">{\"@context\":\"https:\/\/schema.org\",\"@graph\":[{\"@type\":\"Organization\",\"@id\":\"https:\/\/honorinedeauville.com\/#organization\",\"name\":\"Honorine\",\"url\":\"https:\/\/honorinedeauville.com\/\",\"sameAs\":[],\"logo\":{\"@type\":\"ImageObject\",\"inLanguage\":\"en-US\",\"@id\":\"https:\/\/honorinedeauville.com\/#\/schema\/logo\/image\/\",\"url\":\"https:\/\/honorinedeauville.com\/wp-content\/uploads\/2021\/02\/LOGO-HONORINE-V1-1.jpg\",\"contentUrl\":\"https:\/\/honorinedeauville.com\/wp-content\/uploads\/2021\/02\/LOGO-HONORINE-V1-1.jpg\",\"width\":2157,\"height\":1167,\"caption\":\"Honorine\"},\"image\":{\"@id\":\"https:\/\/honorinedeauville.com\/#\/schema\/logo\/image\/\"}},{\"@type\":\"WebSite\",\"@id\":\"https:\/\/honorinedeauville.com\/#website\",\"url\":\"https:\/\/honorinedeauville.com\/\",\"name\":\"Honorine\",\"description\":\"Brasserie \u00e0 Deauville\",\"publisher\":{\"@id\":\"https:\/\/honorinedeauville.com\/#organization\"},\"potentialAction\":[{\"@type\":\"SearchAction\",\"target\":{\"@type\":\"EntryPoint\",\"urlTemplate\":\"https:\/\/honorinedeauville.com\/?s={search_term_string}\"},\"query-input\":\"required name=search_term_string\"}],\"inLanguage\":\"en-US\"},{\"@type\":\"ImageObject\",\"inLanguage\":\"en-US\",\"@id\":\"https:\/\/honorinedeauville.com\/entreprises\/#primaryimage\",\"url\":\"https:\/\/honorinedeauville.com\/wp-content\/uploads\/2021\/04\/Honorine-Deauville_BAB1098-scaled.jpg\",\"contentUrl\":\"https:\/\/honorinedeauville.com\/wp-content\/uploads\/2021\/04\/Honorine-Deauville_BAB1098-scaled.jpg\",\"width\":2560,\"height\":1708},{\"@type\":\"WebPage\",\"@id\":\"https:\/\/honorinedeauville.com\/entreprises\/#webpage\",\"url\":\"https:\/\/honorinedeauville.com\/entreprises\/\",\"name\":\"Honorine - Entreprises\",\"isPartOf\":{\"@id\":\"https:\/\/honorinedeauville.com\/#website\"},\"primaryImageOfPage\":{\"@id\":\"https:\/\/honorinedeauville.com\/entreprises\/#primaryimage\"},\"datePublished\":\"2019-06-20T04:10:56+00:00\",\"dateModified\":\"2025-04-07T18:07:15+00:00\",\"breadcrumb\":{\"@id\":\"https:\/\/honorinedeauville.com\/entreprises\/#breadcrumb\"},\"inLanguage\":\"en-US\",\"potentialAction\":[{\"@type\":\"ReadAction\",\"target\":[\"https:\/\/honorinedeauville.com\/entreprises\/\"]}]},{\"@type\":\"BreadcrumbList\",\"@id\":\"https:\/\/honorinedeauville.com\/entreprises\/#breadcrumb\",\"itemListElement\":[{\"@type\":\"ListItem\",\"position\":1,\"name\":\"Accueil\",\"item\":\"https:\/\/honorinedeauville.com\/\"},{\"@type\":\"ListItem\",\"position\":2,\"name\":\"Entreprises\"}]}]}<\/script>\n<!-- \/ Yoast SEO plugin. -->","yoast_head_json":{"title":"Honorine - Entreprises","robots":{"index":"index","follow":"follow","max-snippet":"max-snippet:-1","max-image-preview":"max-image-preview:large","max-video-preview":"max-video-preview:-1"},"canonical":"https:\/\/honorinedeauville.com\/en\/entreprises\/","og_locale":"en_US","og_type":"article","og_title":"Honorine - Entreprises","og_description":"Ev\u00e9nements Entreprises \u00c9v\u00e9nements Entreprises Pour tous vos repas d&rsquo;entreprise, n&rsquo;h\u00e9sitez pas \u00e0 nous solliciter ou \u00e0 nous envoyer une demande de devis. DEMANDER UN DEVIS Nos Menu Entreprise Remplissez le formulaire pour faire une demande de devis pour un repas d&rsquo;entreprise ou un s\u00e9minaire. VOIR NOS MENUS","og_url":"https:\/\/honorinedeauville.com\/en\/entreprises\/","og_site_name":"Honorine","article_modified_time":"2025-04-07T18:07:15+00:00","og_image":[{"url":"https:\/\/honorinedeauville.com\/wp-content\/uploads\/2021\/04\/Honorine-Deauville_BAB1098-scaled.jpg"}],"twitter_card":"summary_large_image","twitter_misc":{"Est. reading time":"1 minute"},"schema":{"@context":"https:\/\/schema.org","@graph":[{"@type":"Organization","@id":"https:\/\/honorinedeauville.com\/#organization","name":"Honorine","url":"https:\/\/honorinedeauville.com\/","sameAs":[],"logo":{"@type":"ImageObject","inLanguage":"en-US","@id":"https:\/\/honorinedeauville.com\/#\/schema\/logo\/image\/","url":"https:\/\/honorinedeauville.com\/wp-content\/uploads\/2021\/02\/LOGO-HONORINE-V1-1.jpg","contentUrl":"https:\/\/honorinedeauville.com\/wp-content\/uploads\/2021\/02\/LOGO-HONORINE-V1-1.jpg","width":2157,"height":1167,"caption":"Honorine"},"image":{"@id":"https:\/\/honorinedeauville.com\/#\/schema\/logo\/image\/"}},{"@type":"WebSite","@id":"https:\/\/honorinedeauville.com\/#website","url":"https:\/\/honorinedeauville.com\/","name":"Honorine","description":"Brasserie \u00e0 Deauville","publisher":{"@id":"https:\/\/honorinedeauville.com\/#organization"},"potentialAction":[{"@type":"SearchAction","target":{"@type":"EntryPoint","urlTemplate":"https:\/\/honorinedeauville.com\/?s={search_term_string}"},"query-input":"required name=search_term_string"}],"inLanguage":"en-US"},{"@type":"ImageObject","inLanguage":"en-US","@id":"https:\/\/honorinedeauville.com\/entreprises\/#primaryimage","url":"https:\/\/honorinedeauville.com\/wp-content\/uploads\/2021\/04\/Honorine-Deauville_BAB1098-scaled.jpg","contentUrl":"https:\/\/honorinedeauville.com\/wp-content\/uploads\/2021\/04\/Honorine-Deauville_BAB1098-scaled.jpg","width":2560,"height":1708},{"@type":"WebPage","@id":"https:\/\/honorinedeauville.com\/entreprises\/#webpage","url":"https:\/\/honorinedeauville.com\/entreprises\/","name":"Honorine - Entreprises","isPartOf":{"@id":"https:\/\/honorinedeauville.com\/#website"},"primaryImageOfPage":{"@id":"https:\/\/honorinedeauville.com\/entreprises\/#primaryimage"},"datePublished":"2019-06-20T04:10:56+00:00","dateModified":"2025-04-07T18:07:15+00:00","breadcrumb":{"@id":"https:\/\/honorinedeauville.com\/entreprises\/#breadcrumb"},"inLanguage":"en-US","potentialAction":[{"@type":"ReadAction","target":["https:\/\/honorinedeauville.com\/entreprises\/"]}]},{"@type":"BreadcrumbList","@id":"https:\/\/honorinedeauville.com\/entreprises\/#breadcrumb","itemListElement":[{"@type":"ListItem","position":1,"name":"Accueil","item":"https:\/\/honorinedeauville.com\/"},{"@type":"ListItem","position":2,"name":"Entreprises"}]}]}},"_links":{"self":[{"href":"https:\/\/honorinedeauville.com\/en\/wp-json\/wp\/v2\/pages\/842"}],"collection":[{"href":"https:\/\/honorinedeauville.com\/en\/wp-json\/wp\/v2\/pages"}],"about":[{"href":"https:\/\/honorinedeauville.com\/en\/wp-json\/wp\/v2\/types\/page"}],"author":[{"embeddable":true,"href":"https:\/\/honorinedeauville.com\/en\/wp-json\/wp\/v2\/users\/1"}],"replies":[{"embeddable":true,"href":"https:\/\/honorinedeauville.com\/en\/wp-json\/wp\/v2\/comments?post=842"}],"version-history":[{"count":289,"href":"https:\/\/honorinedeauville.com\/en\/wp-json\/wp\/v2\/pages\/842\/revisions"}],"predecessor-version":[{"id":5568,"href":"https:\/\/honorinedeauville.com\/en\/wp-json\/wp\/v2\/pages\/842\/revisions\/5568"}],"wp:attachment":[{"href":"https:\/\/honorinedeauville.com\/en\/wp-json\/wp\/v2\/media?parent=842"}],"curies":[{"name":"wp","href":"https:\/\/api.w.org\/{rel}","templated":true}]}}